{"id":9071,"date":"2024-07-21T13:28:56","date_gmt":"2024-07-21T11:28:56","guid":{"rendered":"https:\/\/cxd.jcr.mybluehost.me\/website_6616bef4\/book-a-call\/"},"modified":"2026-03-25T00:03:26","modified_gmt":"2026-03-24T22:03:26","slug":"call-buchen","status":"publish","type":"page","link":"https:\/\/distylerie.com\/de\/call-buchen\/","title":{"rendered":"Call buchen"},"content":{"rendered":"\t\t<div data-elementor-type=\"wp-page\" data-elementor-id=\"9071\" class=\"elementor elementor-9071 elementor-4037\" data-elementor-post-type=\"page\">\n\t\t\t\t<div class=\"elementor-element elementor-element-ac5ee88 e-flex e-con-boxed dst-skin-on-scroll-no e-con e-parent\" data-id=\"ac5ee88\" data-element_type=\"container\" data-e-type=\"container\" data-settings=\"{&quot;enable_skin_on_scroll&quot;:&quot;no&quot;}\">\n\t\t\t\t\t<div class=\"e-con-inner\">\n\t\t\t\t<div class=\"elementor-element elementor-element-25d3302 elementor-widget__width-initial elementor-widget elementor-widget-text-editor\" data-id=\"25d3302\" data-element_type=\"widget\" data-e-type=\"widget\" data-widget_type=\"text-editor.default\">\n\t\t\t\t<div class=\"elementor-widget-container\">\n\t\t\t\t\t\t\t\t\t<p>Einfach ein unverbindliches Gespr\u00e4ch buchen.<\/p>\t\t\t\t\t\t\t\t<\/div>\n\t\t\t\t<\/div>\n\t\t\t\t<div class=\"elementor-element elementor-element-6719d1f elementor-widget elementor-widget-html\" data-id=\"6719d1f\" data-element_type=\"widget\" data-e-type=\"widget\" data-widget_type=\"html.default\">\n\t\t\t\t<div class=\"elementor-widget-container\">\n\t\t\t\t\t<!-- Calendly inline widget begin -->\n<div class=\"calendly-inline-widget\" data-url=\"https:\/\/calendly.com\/distylerie\/30min-1h-videocall-distylerie\" style=\"min-width:320px;height:700px;\"><\/div>\n<script type=\"text\/javascript\" src=\"https:\/\/assets.calendly.com\/assets\/external\/widget.js\" async><\/script>\n<!-- Calendly inline widget end -->\t\t\t\t<\/div>\n\t\t\t\t<\/div>\n\t\t\t\t<div class=\"elementor-element elementor-element-951e739 elementor-widget elementor-widget-spacer\" data-id=\"951e739\" data-element_type=\"widget\" data-e-type=\"widget\" data-widget_type=\"spacer.default\">\n\t\t\t\t<div class=\"elementor-widget-container\">\n\t\t\t\t\t\t\t<div class=\"elementor-spacer\">\n\t\t\t<div class=\"elementor-spacer-inner\"><\/div>\n\t\t<\/div>\n\t\t\t\t\t\t<\/div>\n\t\t\t\t<\/div>\n\t\t\t\t\t<\/div>\n\t\t\t\t<\/div>\n\t\t\t\t<\/div>\n\t\t","protected":false},"excerpt":{"rendered":"<p>Einfach ein unverbindliches Gespr\u00e4ch buchen.<\/p>\n","protected":false},"author":2,"featured_media":10164,"parent":0,"menu_order":0,"comment_status":"closed","ping_status":"closed","template":"","meta":{"nf_dc_page":"","footnotes":""},"class_list":["post-9071","page","type-page","status-publish","has-post-thumbnail","hentry"],"yoast_head":"<!-- This site is optimized with the Yoast SEO plugin v27.4 - https:\/\/yoast.com\/product\/yoast-seo-wordpress\/ -->\n<title>distylerie | Termin buchen \u2013 Branding Agentur Z\u00fcrich<\/title>\n<meta name=\"description\" content=\"Vereinbaren Sie ein Gespr\u00e4ch mit distylerie in Z\u00fcrich. Unsere Branding Agentur destilliert Ihre Markenessenz in Strategien und Design f\u00fcr nachhaltiges Wachstum.\" \/>\n<meta name=\"robots\" content=\"index, follow, max-snippet:-1, max-image-preview:large, max-video-preview:-1\" \/>\n<link rel=\"canonical\" href=\"https:\/\/distylerie.com\/de\/call-buchen\/\" \/>\n<meta property=\"og:locale\" content=\"de_DE\" \/>\n<meta property=\"og:type\" content=\"article\" \/>\n<meta property=\"og:title\" content=\"distylerie | Termin buchen \u2013 Branding Agentur Z\u00fcrich\" \/>\n<meta property=\"og:description\" content=\"Vereinbaren Sie ein Gespr\u00e4ch mit distylerie in Z\u00fcrich. Unsere Branding Agentur destilliert Ihre Markenessenz in Strategien und Design f\u00fcr nachhaltiges Wachstum.\" \/>\n<meta property=\"og:url\" content=\"https:\/\/distylerie.com\/de\/call-buchen\/\" \/>\n<meta property=\"og:site_name\" content=\"distylerie\" \/>\n<meta property=\"article:publisher\" content=\"https:\/\/www.facebook.com\/distynews\" \/>\n<meta property=\"article:modified_time\" content=\"2026-03-24T22:03:26+00:00\" \/>\n<meta property=\"og:image\" content=\"https:\/\/distylerie.com\/wp-content\/uploads\/2025\/09\/Image-Book-a-call-1.webp\" \/>\n\t<meta property=\"og:image:width\" content=\"2000\" \/>\n\t<meta property=\"og:image:height\" content=\"1125\" \/>\n\t<meta property=\"og:image:type\" content=\"image\/webp\" \/>\n<meta name=\"twitter:card\" content=\"summary_large_image\" \/>\n<meta name=\"twitter:label1\" content=\"Gesch\u00e4tzte Lesezeit\" \/>\n\t<meta name=\"twitter:data1\" content=\"1\u00a0Minute\" \/>\n<script type=\"application\/ld+json\" class=\"yoast-schema-graph\">{\"@context\":\"https:\\\/\\\/schema.org\",\"@graph\":[{\"@type\":\"WebPage\",\"@id\":\"https:\\\/\\\/distylerie.com\\\/de\\\/call-buchen\\\/\",\"url\":\"https:\\\/\\\/distylerie.com\\\/de\\\/call-buchen\\\/\",\"name\":\"distylerie | Termin buchen \u2013 Branding Agentur Z\u00fcrich\",\"isPartOf\":{\"@id\":\"https:\\\/\\\/distylerie.com\\\/de\\\/#website\"},\"primaryImageOfPage\":{\"@id\":\"https:\\\/\\\/distylerie.com\\\/de\\\/call-buchen\\\/#primaryimage\"},\"image\":{\"@id\":\"https:\\\/\\\/distylerie.com\\\/de\\\/call-buchen\\\/#primaryimage\"},\"thumbnailUrl\":\"https:\\\/\\\/distylerie.com\\\/wp-content\\\/uploads\\\/2025\\\/09\\\/Image-Book-a-call-1.webp\",\"datePublished\":\"2024-07-21T11:28:56+00:00\",\"dateModified\":\"2026-03-24T22:03:26+00:00\",\"description\":\"Vereinbaren Sie ein Gespr\u00e4ch mit distylerie in Z\u00fcrich. Unsere Branding Agentur destilliert Ihre Markenessenz in Strategien und Design f\u00fcr nachhaltiges Wachstum.\",\"breadcrumb\":{\"@id\":\"https:\\\/\\\/distylerie.com\\\/de\\\/call-buchen\\\/#breadcrumb\"},\"inLanguage\":\"de\",\"potentialAction\":[{\"@type\":\"ReadAction\",\"target\":[\"https:\\\/\\\/distylerie.com\\\/de\\\/call-buchen\\\/\"]}]},{\"@type\":\"ImageObject\",\"inLanguage\":\"de\",\"@id\":\"https:\\\/\\\/distylerie.com\\\/de\\\/call-buchen\\\/#primaryimage\",\"url\":\"https:\\\/\\\/distylerie.com\\\/wp-content\\\/uploads\\\/2025\\\/09\\\/Image-Book-a-call-1.webp\",\"contentUrl\":\"https:\\\/\\\/distylerie.com\\\/wp-content\\\/uploads\\\/2025\\\/09\\\/Image-Book-a-call-1.webp\",\"width\":2000,\"height\":1125,\"caption\":\"Visual artwork on the Book a Call page of distylerie, Branding Agentur Z\u00fcrich\"},{\"@type\":\"BreadcrumbList\",\"@id\":\"https:\\\/\\\/distylerie.com\\\/de\\\/call-buchen\\\/#breadcrumb\",\"itemListElement\":[{\"@type\":\"ListItem\",\"position\":1,\"name\":\"Home\",\"item\":\"https:\\\/\\\/distylerie.com\\\/de\\\/\"},{\"@type\":\"ListItem\",\"position\":2,\"name\":\"Call buchen\"}]},{\"@type\":\"WebSite\",\"@id\":\"https:\\\/\\\/distylerie.com\\\/de\\\/#website\",\"url\":\"https:\\\/\\\/distylerie.com\\\/de\\\/\",\"name\":\"distylerie\",\"description\":\"Swiss Brand Design Agency based Z\u00fcrich \u2013 Branding Essence - distylerie\",\"publisher\":{\"@id\":\"https:\\\/\\\/distylerie.com\\\/de\\\/#organization\"},\"potentialAction\":[{\"@type\":\"SearchAction\",\"target\":{\"@type\":\"EntryPoint\",\"urlTemplate\":\"https:\\\/\\\/distylerie.com\\\/de\\\/?s={search_term_string}\"},\"query-input\":{\"@type\":\"PropertyValueSpecification\",\"valueRequired\":true,\"valueName\":\"search_term_string\"}}],\"inLanguage\":\"de\"},{\"@type\":\"Organization\",\"@id\":\"https:\\\/\\\/distylerie.com\\\/de\\\/#organization\",\"name\":\"distylerie\",\"url\":\"https:\\\/\\\/distylerie.com\\\/de\\\/\",\"logo\":{\"@type\":\"ImageObject\",\"inLanguage\":\"de\",\"@id\":\"https:\\\/\\\/distylerie.com\\\/de\\\/#\\\/schema\\\/logo\\\/image\\\/\",\"url\":\"https:\\\/\\\/distylerie.com\\\/wp-content\\\/uploads\\\/2024\\\/04\\\/Site-logo-distylerie.png\",\"contentUrl\":\"https:\\\/\\\/distylerie.com\\\/wp-content\\\/uploads\\\/2024\\\/04\\\/Site-logo-distylerie.png\",\"width\":350,\"height\":98,\"caption\":\"distylerie\"},\"image\":{\"@id\":\"https:\\\/\\\/distylerie.com\\\/de\\\/#\\\/schema\\\/logo\\\/image\\\/\"},\"sameAs\":[\"https:\\\/\\\/www.facebook.com\\\/distynews\",\"https:\\\/\\\/www.instagram.com\\\/distylerie\\\/\",\"https:\\\/\\\/www.linkedin.com\\\/company\\\/10133181\\\/admin\\\/dashboard\\\/\",\"https:\\\/\\\/www.linkedin.com\\\/company\\\/distylerie\\\/\",\"https:\\\/\\\/vimeo.com\\\/distylerie\"]}]}<\/script>\n<!-- \/ Yoast SEO plugin. -->","yoast_head_json":{"title":"distylerie | Termin buchen \u2013 Branding Agentur Z\u00fcrich","description":"Vereinbaren Sie ein Gespr\u00e4ch mit distylerie in Z\u00fcrich. Unsere Branding Agentur destilliert Ihre Markenessenz in Strategien und Design f\u00fcr nachhaltiges Wachstum.","robots":{"index":"index","follow":"follow","max-snippet":"max-snippet:-1","max-image-preview":"max-image-preview:large","max-video-preview":"max-video-preview:-1"},"canonical":"https:\/\/distylerie.com\/de\/call-buchen\/","og_locale":"de_DE","og_type":"article","og_title":"distylerie | Termin buchen \u2013 Branding Agentur Z\u00fcrich","og_description":"Vereinbaren Sie ein Gespr\u00e4ch mit distylerie in Z\u00fcrich. Unsere Branding Agentur destilliert Ihre Markenessenz in Strategien und Design f\u00fcr nachhaltiges Wachstum.","og_url":"https:\/\/distylerie.com\/de\/call-buchen\/","og_site_name":"distylerie","article_publisher":"https:\/\/www.facebook.com\/distynews","article_modified_time":"2026-03-24T22:03:26+00:00","og_image":[{"width":2000,"height":1125,"url":"https:\/\/distylerie.com\/wp-content\/uploads\/2025\/09\/Image-Book-a-call-1.webp","type":"image\/webp"}],"twitter_card":"summary_large_image","twitter_misc":{"Gesch\u00e4tzte Lesezeit":"1\u00a0Minute"},"schema":{"@context":"https:\/\/schema.org","@graph":[{"@type":"WebPage","@id":"https:\/\/distylerie.com\/de\/call-buchen\/","url":"https:\/\/distylerie.com\/de\/call-buchen\/","name":"distylerie | Termin buchen \u2013 Branding Agentur Z\u00fcrich","isPartOf":{"@id":"https:\/\/distylerie.com\/de\/#website"},"primaryImageOfPage":{"@id":"https:\/\/distylerie.com\/de\/call-buchen\/#primaryimage"},"image":{"@id":"https:\/\/distylerie.com\/de\/call-buchen\/#primaryimage"},"thumbnailUrl":"https:\/\/distylerie.com\/wp-content\/uploads\/2025\/09\/Image-Book-a-call-1.webp","datePublished":"2024-07-21T11:28:56+00:00","dateModified":"2026-03-24T22:03:26+00:00","description":"Vereinbaren Sie ein Gespr\u00e4ch mit distylerie in Z\u00fcrich. Unsere Branding Agentur destilliert Ihre Markenessenz in Strategien und Design f\u00fcr nachhaltiges Wachstum.","breadcrumb":{"@id":"https:\/\/distylerie.com\/de\/call-buchen\/#breadcrumb"},"inLanguage":"de","potentialAction":[{"@type":"ReadAction","target":["https:\/\/distylerie.com\/de\/call-buchen\/"]}]},{"@type":"ImageObject","inLanguage":"de","@id":"https:\/\/distylerie.com\/de\/call-buchen\/#primaryimage","url":"https:\/\/distylerie.com\/wp-content\/uploads\/2025\/09\/Image-Book-a-call-1.webp","contentUrl":"https:\/\/distylerie.com\/wp-content\/uploads\/2025\/09\/Image-Book-a-call-1.webp","width":2000,"height":1125,"caption":"Visual artwork on the Book a Call page of distylerie, Branding Agentur Z\u00fcrich"},{"@type":"BreadcrumbList","@id":"https:\/\/distylerie.com\/de\/call-buchen\/#breadcrumb","itemListElement":[{"@type":"ListItem","position":1,"name":"Home","item":"https:\/\/distylerie.com\/de\/"},{"@type":"ListItem","position":2,"name":"Call buchen"}]},{"@type":"WebSite","@id":"https:\/\/distylerie.com\/de\/#website","url":"https:\/\/distylerie.com\/de\/","name":"distylerie","description":"Swiss Brand Design Agency based Z\u00fcrich \u2013 Branding Essence - distylerie","publisher":{"@id":"https:\/\/distylerie.com\/de\/#organization"},"potentialAction":[{"@type":"SearchAction","target":{"@type":"EntryPoint","urlTemplate":"https:\/\/distylerie.com\/de\/?s={search_term_string}"},"query-input":{"@type":"PropertyValueSpecification","valueRequired":true,"valueName":"search_term_string"}}],"inLanguage":"de"},{"@type":"Organization","@id":"https:\/\/distylerie.com\/de\/#organization","name":"distylerie","url":"https:\/\/distylerie.com\/de\/","logo":{"@type":"ImageObject","inLanguage":"de","@id":"https:\/\/distylerie.com\/de\/#\/schema\/logo\/image\/","url":"https:\/\/distylerie.com\/wp-content\/uploads\/2024\/04\/Site-logo-distylerie.png","contentUrl":"https:\/\/distylerie.com\/wp-content\/uploads\/2024\/04\/Site-logo-distylerie.png","width":350,"height":98,"caption":"distylerie"},"image":{"@id":"https:\/\/distylerie.com\/de\/#\/schema\/logo\/image\/"},"sameAs":["https:\/\/www.facebook.com\/distynews","https:\/\/www.instagram.com\/distylerie\/","https:\/\/www.linkedin.com\/company\/10133181\/admin\/dashboard\/","https:\/\/www.linkedin.com\/company\/distylerie\/","https:\/\/vimeo.com\/distylerie"]}]}},"_links":{"self":[{"href":"https:\/\/distylerie.com\/de\/wp-json\/wp\/v2\/pages\/9071","targetHints":{"allow":["GET"]}}],"collection":[{"href":"https:\/\/distylerie.com\/de\/wp-json\/wp\/v2\/pages"}],"about":[{"href":"https:\/\/distylerie.com\/de\/wp-json\/wp\/v2\/types\/page"}],"author":[{"embeddable":true,"href":"https:\/\/distylerie.com\/de\/wp-json\/wp\/v2\/users\/2"}],"replies":[{"embeddable":true,"href":"https:\/\/distylerie.com\/de\/wp-json\/wp\/v2\/comments?post=9071"}],"version-history":[{"count":23,"href":"https:\/\/distylerie.com\/de\/wp-json\/wp\/v2\/pages\/9071\/revisions"}],"predecessor-version":[{"id":11791,"href":"https:\/\/distylerie.com\/de\/wp-json\/wp\/v2\/pages\/9071\/revisions\/11791"}],"wp:featuredmedia":[{"embeddable":true,"href":"https:\/\/distylerie.com\/de\/wp-json\/wp\/v2\/media\/10164"}],"wp:attachment":[{"href":"https:\/\/distylerie.com\/de\/wp-json\/wp\/v2\/media?parent=9071"}],"curies":[{"name":"wp","href":"https:\/\/api.w.org\/{rel}","templated":true}]}}