{"id":9048,"date":"2024-04-15T15:18:43","date_gmt":"2024-04-15T13:18:43","guid":{"rendered":"https:\/\/cxd.jcr.mybluehost.me\/website_6616bef4\/privacy-policy\/"},"modified":"2025-09-26T20:31:38","modified_gmt":"2025-09-26T20:31:38","slug":"privacy-policy","status":"publish","type":"page","link":"https:\/\/distylerie.com\/de\/privacy-policy\/","title":{"rendered":"Datenschutzerkl\u00e4rung"},"content":{"rendered":"\t\t<div data-elementor-type=\"wp-page\" data-elementor-id=\"9048\" class=\"elementor elementor-9048 elementor-3\" data-elementor-post-type=\"page\">\n\t\t\t\t<div class=\"elementor-element elementor-element-f148843 e-flex e-con-boxed dst-skin-on-scroll-no e-con e-parent\" data-id=\"f148843\" data-element_type=\"container\" data-e-type=\"container\" data-settings=\"{&quot;background_background&quot;:&quot;classic&quot;,&quot;enable_skin_on_scroll&quot;:&quot;no&quot;}\">\n\t\t\t\t\t<div class=\"e-con-inner\">\n\t\t\t\t<div class=\"elementor-element elementor-element-76b6dca elementor-widget elementor-widget-dstel-line-title\" data-id=\"76b6dca\" data-element_type=\"widget\" data-e-type=\"widget\" data-widget_type=\"dstel-line-title.default\">\n\t\t\t\t<div class=\"elementor-widget-container\">\n\t\t\t\t\t\t\t<div class=\"dstel-element dstel-line-title\">\r\n\t\t\t<div class=\"dstel-inner\">\r\n\t\t\t\t<div class=\"dstel-line\"><\/div>\r\n\t\t\t\t<h3 class=\"dstel-disable-skin-on-scroll dstel-title elementor-heading-title\">Datenschutzerkl\u00e4rung<\/h3>\t\t\t<\/div>\r\n\t\t<\/div>\r\n\t\t\t\t\t\t<\/div>\n\t\t\t\t<\/div>\n\t\t<div class=\"elementor-element elementor-element-eb9c3e9 e-flex e-con-boxed dst-skin-on-scroll-no e-con e-child\" data-id=\"eb9c3e9\" data-element_type=\"container\" data-e-type=\"container\" data-settings=\"{&quot;enable_skin_on_scroll&quot;:&quot;no&quot;}\">\n\t\t\t\t\t<div class=\"e-con-inner\">\n\t\t\t\t<div class=\"elementor-element elementor-element-678d544 elementor-widget elementor-widget-heading\" data-id=\"678d544\" data-element_type=\"widget\" data-e-type=\"widget\" data-widget_type=\"heading.default\">\n\t\t\t\t<div class=\"elementor-widget-container\">\n\t\t\t\t\t<h6 class=\"dstel-disable-skin-on-scroll elementor-heading-title elementor-size-default\">1. Einleitung<\/h6>\t\t\t\t<\/div>\n\t\t\t\t<\/div>\n\t\t\t\t<div class=\"elementor-element elementor-element-b29c582 elementor-widget elementor-widget-text-editor\" data-id=\"b29c582\" data-element_type=\"widget\" data-e-type=\"widget\" data-widget_type=\"text-editor.default\">\n\t\t\t\t<div class=\"elementor-widget-container\">\n\t\t\t\t\t\t\t\t\t<p class=\"p1\">Wir nehmen den Schutz Ihrer personenbezogenen Daten sehr ernst. Diese Datenschutzerkl\u00e4rung informiert Sie dar\u00fcber, wie wir personenbezogene Daten erheben, verarbeiten, speichern und sch\u00fctzen. Mit der Nutzung unserer Website erkl\u00e4ren Sie sich mit der beschriebenen Verarbeitung Ihrer Daten einverstanden. Sollten Sie nicht einverstanden sein, bitten wir Sie, unsere Website nicht zu nutzen.<\/p>\t\t\t\t\t\t\t\t<\/div>\n\t\t\t\t<\/div>\n\t\t\t\t<div class=\"elementor-element elementor-element-ecda3a0 elementor-widget elementor-widget-heading\" data-id=\"ecda3a0\" data-element_type=\"widget\" data-e-type=\"widget\" data-widget_type=\"heading.default\">\n\t\t\t\t<div class=\"elementor-widget-container\">\n\t\t\t\t\t<h2 class=\"dstel-disable-skin-on-scroll elementor-heading-title elementor-size-default\">2. Erhebung und Verwendung von Daten<\/h2>\t\t\t\t<\/div>\n\t\t\t\t<\/div>\n\t\t\t\t<div class=\"elementor-element elementor-element-0dc1ee9 elementor-widget elementor-widget-text-editor\" data-id=\"0dc1ee9\" data-element_type=\"widget\" data-e-type=\"widget\" data-widget_type=\"text-editor.default\">\n\t\t\t\t<div class=\"elementor-widget-container\">\n\t\t\t\t\t\t\t\t\t<p class=\"p1\">Beim Besuch unserer Website werden automatisch Zugriffsdaten in einer Protokolldatei gespeichert. Dazu geh\u00f6ren:<\/p><ul><li><p class=\"p1\">IP-Adresse<\/p><\/li><li><p class=\"p1\">Datum und Uhrzeit des Zugriffs<\/p><\/li><li><p class=\"p1\">Name und URL der abgerufenen Datei<\/p><\/li><li><p class=\"p1\">Referrer-URL (zuvor besuchte Website)<\/p><\/li><li><p class=\"p1\">Verwendeter Browser und Betriebssystem<\/p><\/li><li><p class=\"p1\">Land des Zugriffs<\/p><\/li><li><p class=\"p1\"><span style=\"font-family: var(--typography--body-f); font-size: var(--typography--body-s, 15px);\">Internet-Service-Provider<\/span><\/p><\/li><\/ul><p class=\"p1\">Diese Daten werden ausschlie\u00dflich zur Sicherstellung der Funktionsf\u00e4higkeit der Website, zur Gew\u00e4hrleistung von Systemsicherheit und -stabilit\u00e4t sowie zu statistischen Zwecken genutzt. Eine Auswertung der IP-Adresse erfolgt nur im Falle von Angriffen auf die Netzwerkinfrastruktur.<\/p>\t\t\t\t\t\t\t\t<\/div>\n\t\t\t\t<\/div>\n\t\t\t\t<div class=\"elementor-element elementor-element-fb21cad elementor-widget elementor-widget-heading\" data-id=\"fb21cad\" data-element_type=\"widget\" data-e-type=\"widget\" data-widget_type=\"heading.default\">\n\t\t\t\t<div class=\"elementor-widget-container\">\n\t\t\t\t\t<h2 class=\"dstel-disable-skin-on-scroll elementor-heading-title elementor-size-default\">3. Datensicherheit<\/h2>\t\t\t\t<\/div>\n\t\t\t\t<\/div>\n\t\t\t\t<div class=\"elementor-element elementor-element-bdc1586 elementor-widget elementor-widget-text-editor\" data-id=\"bdc1586\" data-element_type=\"widget\" data-e-type=\"widget\" data-widget_type=\"text-editor.default\">\n\t\t\t\t<div class=\"elementor-widget-container\">\n\t\t\t\t\t\t\t\t\t<p class=\"p1\">Wir behandeln personenbezogene Daten vertraulich und geben diese nicht an Dritte weiter oder verkaufen sie. In Zusammenarbeit mit unseren Hosting-Providern setzen wir geeignete technische und organisatorische Ma\u00dfnahmen ein, um Ihre Daten vor unbefugtem Zugriff, Verlust, Missbrauch oder Manipulation zu sch\u00fctzen. Eine Weitergabe erfolgt nur, soweit dies gesetzlich vorgeschrieben ist oder an beauftragte Dienstleister innerhalb unserer Unternehmensgruppe, soweit dies im Einklang mit den geltenden Datenschutzgesetzen steht.<\/p>\t\t\t\t\t\t\t\t<\/div>\n\t\t\t\t<\/div>\n\t\t\t\t<div class=\"elementor-element elementor-element-f41e9f6 elementor-widget elementor-widget-heading\" data-id=\"f41e9f6\" data-element_type=\"widget\" data-e-type=\"widget\" data-widget_type=\"heading.default\">\n\t\t\t\t<div class=\"elementor-widget-container\">\n\t\t\t\t\t<h2 class=\"dstel-disable-skin-on-scroll elementor-heading-title elementor-size-default\">4. Cookies<\/h2>\t\t\t\t<\/div>\n\t\t\t\t<\/div>\n\t\t\t\t<div class=\"elementor-element elementor-element-51aa29d elementor-widget elementor-widget-text-editor\" data-id=\"51aa29d\" data-element_type=\"widget\" data-e-type=\"widget\" data-widget_type=\"text-editor.default\">\n\t\t\t\t<div class=\"elementor-widget-container\">\n\t\t\t\t\t\t\t\t\t<p class=\"p1\">Unsere Website verwendet Cookies, um die Nutzung zu erleichtern und nutzerfreundlicher zu gestalten. Cookies sind kleine Textdateien, die auf Ihrem Endger\u00e4t gespeichert werden. Sie richten keinen Schaden an und enthalten keine Viren.<\/p><p class=\"p1\">Durch Best\u00e4tigung (\u201eIt\u2019s okay\u201c) willigen Sie in die Nutzung von Cookies ein. Durch Schlie\u00dfen des Hinweisfensters erteilen Sie keine Einwilligung. Sie k\u00f6nnen Cookies jederzeit in den Einstellungen Ihres Browsers deaktivieren. Bitte beachten Sie, dass dadurch die Funktionalit\u00e4t der Website eingeschr\u00e4nkt sein kann.<\/p>\t\t\t\t\t\t\t\t<\/div>\n\t\t\t\t<\/div>\n\t\t\t\t<div class=\"elementor-element elementor-element-0afd5f5 elementor-widget elementor-widget-heading\" data-id=\"0afd5f5\" data-element_type=\"widget\" data-e-type=\"widget\" data-widget_type=\"heading.default\">\n\t\t\t\t<div class=\"elementor-widget-container\">\n\t\t\t\t\t<h2 class=\"dstel-disable-skin-on-scroll elementor-heading-title elementor-size-default\">5. Nutzung von Instagram-Plugins<\/h2>\t\t\t\t<\/div>\n\t\t\t\t<\/div>\n\t\t\t\t<div class=\"elementor-element elementor-element-81c1e3c elementor-widget elementor-widget-text-editor\" data-id=\"81c1e3c\" data-element_type=\"widget\" data-e-type=\"widget\" data-widget_type=\"text-editor.default\">\n\t\t\t\t<div class=\"elementor-widget-container\">\n\t\t\t\t\t\t\t\t\t<p class=\"p1\">Unsere Website kann Plugins des sozialen Netzwerks Instagram enthalten. Durch die Einbindung k\u00f6nnen Cookies gesetzt werden, die eine komfortablere Nutzung der Website erm\u00f6glichen. Wenn Sie in die Verwendung von Cookies eingewilligt haben, stimmen Sie auch dieser Nutzung zu. N\u00e4here Informationen zur Datenverarbeitung durch Instagram entnehmen Sie bitte der Datenschutzerkl\u00e4rung von Instagram.<\/p>\t\t\t\t\t\t\t\t<\/div>\n\t\t\t\t<\/div>\n\t\t\t\t<div class=\"elementor-element elementor-element-ae65aad elementor-widget elementor-widget-heading\" data-id=\"ae65aad\" data-element_type=\"widget\" data-e-type=\"widget\" data-widget_type=\"heading.default\">\n\t\t\t\t<div class=\"elementor-widget-container\">\n\t\t\t\t\t<h2 class=\"dstel-disable-skin-on-scroll elementor-heading-title elementor-size-default\">6. Nutzung von Google Analytics<\/h2>\t\t\t\t<\/div>\n\t\t\t\t<\/div>\n\t\t\t\t<div class=\"elementor-element elementor-element-b9b3708 elementor-widget elementor-widget-text-editor\" data-id=\"b9b3708\" data-element_type=\"widget\" data-e-type=\"widget\" data-widget_type=\"text-editor.default\">\n\t\t\t\t<div class=\"elementor-widget-container\">\n\t\t\t\t\t\t\t\t\t<p class=\"p1\">Diese Website benutzt Google Analytics, einen Webanalysedienst der Google Inc. (\u201eGoogle\u201c). Google Analytics verwendet Cookies, die eine Analyse der Benutzung der Website erm\u00f6glichen. Die durch Cookies erzeugten Informationen werden in der Regel an einen Server von Google in den USA \u00fcbertragen und dort gespeichert.<\/p><p class=\"p1\">Bei aktivierter IP-Anonymisierung wird Ihre IP-Adresse innerhalb der Mitgliedstaaten der Europ\u00e4ischen Union oder des Europ\u00e4ischen Wirtschaftsraums gek\u00fcrzt. Nur in Ausnahmef\u00e4llen wird die vollst\u00e4ndige IP-Adresse an einen Server von Google in den USA \u00fcbertragen und dort gek\u00fcrzt.<\/p><p class=\"p1\">Google wertet diese Informationen in unserem Auftrag aus, um die Nutzung der Website zu analysieren, Berichte \u00fcber die Websiteaktivit\u00e4ten zusammenzustellen und weitere mit der Websitenutzung verbundene Dienstleistungen zu erbringen. Die von Ihrem Browser \u00fcbermittelte IP-Adresse wird nicht mit anderen Daten von Google zusammengef\u00fchrt. Weitere Informationen entnehmen Sie bitte der Datenschutzerkl\u00e4rung von Google.<\/p>\t\t\t\t\t\t\t\t<\/div>\n\t\t\t\t<\/div>\n\t\t\t\t<div class=\"elementor-element elementor-element-cfd3123 elementor-widget elementor-widget-heading\" data-id=\"cfd3123\" data-element_type=\"widget\" data-e-type=\"widget\" data-widget_type=\"heading.default\">\n\t\t\t\t<div class=\"elementor-widget-container\">\n\t\t\t\t\t<h4 class=\"dstel-disable-skin-on-scroll elementor-heading-title elementor-size-default\">7. Nutzung von Facebook\/Meta Pixel<\/h4>\t\t\t\t<\/div>\n\t\t\t\t<\/div>\n\t\t\t\t<div class=\"elementor-element elementor-element-b456548 elementor-widget elementor-widget-text-editor\" data-id=\"b456548\" data-element_type=\"widget\" data-e-type=\"widget\" data-widget_type=\"text-editor.default\">\n\t\t\t\t<div class=\"elementor-widget-container\">\n\t\t\t\t\t\t\t\t\t<p class=\"p1\">Unsere Website verwendet das Facebook\/Meta Pixel der Facebook Inc., 1601 Willow Road, Menlo Park, CA 94025, USA. Dieses Tool dient dazu, das Verhalten von Nutzern nachzuverfolgen, die eine Anzeige bei Facebook oder Instagram gesehen oder angeklickt haben. So k\u00f6nnen die Wirksamkeit von Anzeigen f\u00fcr statistische und Marktforschungszwecke ausgewertet und zuk\u00fcnftige Werbema\u00dfnahmen optimiert werden.<\/p><p class=\"p1\">Die erhobenen Daten sind f\u00fcr uns anonym, werden jedoch von Facebook gespeichert und verarbeitet, sodass eine Verbindung zum jeweiligen Nutzerprofil m\u00f6glich ist. Facebook kann diese Daten f\u00fcr eigene Werbezwecke verwenden. N\u00e4here Informationen zur Datenverarbeitung durch Facebook entnehmen Sie bitte der Datenrichtlinie von Facebook.<\/p>\t\t\t\t\t\t\t\t<\/div>\n\t\t\t\t<\/div>\n\t\t\t\t<div class=\"elementor-element elementor-element-c6a3c9f elementor-widget elementor-widget-heading\" data-id=\"c6a3c9f\" data-element_type=\"widget\" data-e-type=\"widget\" data-widget_type=\"heading.default\">\n\t\t\t\t<div class=\"elementor-widget-container\">\n\t\t\t\t\t<h2 class=\"dstel-disable-skin-on-scroll elementor-heading-title elementor-size-default\">8. Speicherdauer und Rechte der betroffenen Personen<\/h2>\t\t\t\t<\/div>\n\t\t\t\t<\/div>\n\t\t\t\t<div class=\"elementor-element elementor-element-1f82130 elementor-widget elementor-widget-text-editor\" data-id=\"1f82130\" data-element_type=\"widget\" data-e-type=\"widget\" data-widget_type=\"text-editor.default\">\n\t\t\t\t<div class=\"elementor-widget-container\">\n\t\t\t\t\t\t\t\t\t<p class=\"p1\">Wir speichern personenbezogene Daten nur so lange, wie es f\u00fcr die Erf\u00fcllung der genannten Zwecke erforderlich ist oder soweit gesetzliche Aufbewahrungspflichten bestehen.<\/p><p class=\"p1\">Sie haben das Recht, Auskunft \u00fcber Ihre gespeicherten personenbezogenen Daten zu verlangen sowie deren Berichtigung, L\u00f6schung, Einschr\u00e4nkung der Verarbeitung oder \u00dcbertragung zu beantragen. Zudem haben Sie das Recht, einer Verarbeitung Ihrer Daten zu widersprechen. Zur Aus\u00fcbung dieser Rechte wenden Sie sich bitte an die unten angegebenen Kontaktdaten.<\/p>\t\t\t\t\t\t\t\t<\/div>\n\t\t\t\t<\/div>\n\t\t\t\t<div class=\"elementor-element elementor-element-82aa7ba elementor-widget elementor-widget-heading\" data-id=\"82aa7ba\" data-element_type=\"widget\" data-e-type=\"widget\" data-widget_type=\"heading.default\">\n\t\t\t\t<div class=\"elementor-widget-container\">\n\t\t\t\t\t<h2 class=\"dstel-disable-skin-on-scroll elementor-heading-title elementor-size-default\">9. Kontakt<\/h2>\t\t\t\t<\/div>\n\t\t\t\t<\/div>\n\t\t\t\t<div class=\"elementor-element elementor-element-a4dd652 elementor-widget elementor-widget-text-editor\" data-id=\"a4dd652\" data-element_type=\"widget\" data-e-type=\"widget\" data-widget_type=\"text-editor.default\">\n\t\t\t\t<div class=\"elementor-widget-container\">\n\t\t\t\t\t\t\t\t\t<p class=\"p1\">F\u00fcr Fragen zum Datenschutz wenden Sie sich bitte an:<\/p><p class=\"p3\"><b>distylerie gmbh<br \/><\/b><b><\/b>Hardstrasse 219<br \/>8005 Z\u00fcrich, Schweiz<\/p><p class=\"p1\">E-Mail: <a href=\"mailto:hi@distylerie.com\">hi@distylerie.com<\/a><\/p>\t\t\t\t\t\t\t\t<\/div>\n\t\t\t\t<\/div>\n\t\t\t\t<div class=\"elementor-element elementor-element-af52c4c elementor-widget elementor-widget-heading\" data-id=\"af52c4c\" data-element_type=\"widget\" data-e-type=\"widget\" data-widget_type=\"heading.default\">\n\t\t\t\t<div class=\"elementor-widget-container\">\n\t\t\t\t\t<h2 class=\"dstel-disable-skin-on-scroll elementor-heading-title elementor-size-default\">10. \u00c4nderungen dieser Datenschutzerkl\u00e4rung<\/h2>\t\t\t\t<\/div>\n\t\t\t\t<\/div>\n\t\t\t\t<div class=\"elementor-element elementor-element-cd7b1b1 elementor-widget elementor-widget-text-editor\" data-id=\"cd7b1b1\" data-element_type=\"widget\" data-e-type=\"widget\" data-widget_type=\"text-editor.default\">\n\t\t\t\t<div class=\"elementor-widget-container\">\n\t\t\t\t\t\t\t\t\t<p class=\"p1\">Wir behalten uns vor, diese Datenschutzerkl\u00e4rung jederzeit zu \u00e4ndern, um sie an rechtliche Vorgaben oder \u00c4nderungen unserer Leistungen anzupassen. Die jeweils aktuelle Fassung wird auf dieser Website ver\u00f6ffentlicht und tritt mit Ver\u00f6ffentlichung in Kraft.<\/p>\t\t\t\t\t\t\t\t<\/div>\n\t\t\t\t<\/div>\n\t\t\t\t\t<\/div>\n\t\t\t\t<\/div>\n\t\t\t\t\t<\/div>\n\t\t\t\t<\/div>\n\t\t\t\t<\/div>\n\t\t","protected":false},"excerpt":{"rendered":"<p>Datenschutzerkl\u00e4rung 1. Einleitung Wir nehmen den Schutz Ihrer personenbezogenen Daten sehr ernst. Diese Datenschutzerkl\u00e4rung informiert Sie dar\u00fcber, wie wir personenbezogene Daten erheben, verarbeiten, speichern und sch\u00fctzen. Mit der Nutzung unserer&#8230;<\/p>\n","protected":false},"author":1,"featured_media":10221,"parent":0,"menu_order":0,"comment_status":"closed","ping_status":"open","template":"","meta":{"nf_dc_page":"","footnotes":""},"class_list":["post-9048","page","type-page","status-publish","has-post-thumbnail","hentry"],"yoast_head":"<!-- This site is optimized with the Yoast SEO plugin v27.4 - https:\/\/yoast.com\/product\/yoast-seo-wordpress\/ -->\n<title>distylerie | Datenschutzerkl\u00e4rung Branding-Agentur Z\u00fcrich<\/title>\n<meta name=\"description\" content=\"Erfahren Sie, wie distylerie in Z\u00fcrich personenbezogene Daten sch\u00fctzt. Alle Infos zur Nutzung, Cookies, Analyse-Tools und Ihre Rechte.\" \/>\n<meta name=\"robots\" content=\"index, follow, max-snippet:-1, max-image-preview:large, max-video-preview:-1\" \/>\n<link rel=\"canonical\" href=\"https:\/\/distylerie.com\/de\/privacy-policy\/\" \/>\n<meta property=\"og:locale\" content=\"de_DE\" \/>\n<meta property=\"og:type\" content=\"article\" \/>\n<meta property=\"og:title\" content=\"distylerie | Datenschutzerkl\u00e4rung Branding-Agentur Z\u00fcrich\" \/>\n<meta property=\"og:description\" content=\"Erfahren Sie, wie distylerie in Z\u00fcrich personenbezogene Daten sch\u00fctzt. Alle Infos zur Nutzung, Cookies, Analyse-Tools und Ihre Rechte.\" \/>\n<meta property=\"og:url\" content=\"https:\/\/distylerie.com\/de\/privacy-policy\/\" \/>\n<meta property=\"og:site_name\" content=\"distylerie\" \/>\n<meta property=\"article:publisher\" content=\"https:\/\/www.facebook.com\/distynews\" \/>\n<meta property=\"article:modified_time\" content=\"2025-09-26T20:31:38+00:00\" \/>\n<meta property=\"og:image\" content=\"https:\/\/distylerie.com\/wp-content\/uploads\/2025\/09\/Datenschutzerklarung.webp\" \/>\n\t<meta property=\"og:image:width\" content=\"846\" \/>\n\t<meta property=\"og:image:height\" content=\"558\" \/>\n\t<meta property=\"og:image:type\" content=\"image\/webp\" \/>\n<meta name=\"twitter:card\" content=\"summary_large_image\" \/>\n<meta name=\"twitter:label1\" content=\"Gesch\u00e4tzte Lesezeit\" \/>\n\t<meta name=\"twitter:data1\" content=\"4\u00a0Minuten\" \/>\n<script type=\"application\/ld+json\" class=\"yoast-schema-graph\">{\"@context\":\"https:\\\/\\\/schema.org\",\"@graph\":[{\"@type\":\"WebPage\",\"@id\":\"https:\\\/\\\/distylerie.com\\\/de\\\/privacy-policy\\\/\",\"url\":\"https:\\\/\\\/distylerie.com\\\/de\\\/privacy-policy\\\/\",\"name\":\"distylerie | Datenschutzerkl\u00e4rung Branding-Agentur Z\u00fcrich\",\"isPartOf\":{\"@id\":\"https:\\\/\\\/distylerie.com\\\/de\\\/#website\"},\"primaryImageOfPage\":{\"@id\":\"https:\\\/\\\/distylerie.com\\\/de\\\/privacy-policy\\\/#primaryimage\"},\"image\":{\"@id\":\"https:\\\/\\\/distylerie.com\\\/de\\\/privacy-policy\\\/#primaryimage\"},\"thumbnailUrl\":\"https:\\\/\\\/distylerie.com\\\/wp-content\\\/uploads\\\/2025\\\/09\\\/Datenschutzerklarung.webp\",\"datePublished\":\"2024-04-15T13:18:43+00:00\",\"dateModified\":\"2025-09-26T20:31:38+00:00\",\"description\":\"Erfahren Sie, wie distylerie in Z\u00fcrich personenbezogene Daten sch\u00fctzt. Alle Infos zur Nutzung, Cookies, Analyse-Tools und Ihre Rechte.\",\"breadcrumb\":{\"@id\":\"https:\\\/\\\/distylerie.com\\\/de\\\/privacy-policy\\\/#breadcrumb\"},\"inLanguage\":\"de\",\"potentialAction\":[{\"@type\":\"ReadAction\",\"target\":[\"https:\\\/\\\/distylerie.com\\\/de\\\/privacy-policy\\\/\"]}]},{\"@type\":\"ImageObject\",\"inLanguage\":\"de\",\"@id\":\"https:\\\/\\\/distylerie.com\\\/de\\\/privacy-policy\\\/#primaryimage\",\"url\":\"https:\\\/\\\/distylerie.com\\\/wp-content\\\/uploads\\\/2025\\\/09\\\/Datenschutzerklarung.webp\",\"contentUrl\":\"https:\\\/\\\/distylerie.com\\\/wp-content\\\/uploads\\\/2025\\\/09\\\/Datenschutzerklarung.webp\",\"width\":846,\"height\":558},{\"@type\":\"BreadcrumbList\",\"@id\":\"https:\\\/\\\/distylerie.com\\\/de\\\/privacy-policy\\\/#breadcrumb\",\"itemListElement\":[{\"@type\":\"ListItem\",\"position\":1,\"name\":\"Home\",\"item\":\"https:\\\/\\\/distylerie.com\\\/de\\\/\"},{\"@type\":\"ListItem\",\"position\":2,\"name\":\"Datenschutzerkl\u00e4rung\"}]},{\"@type\":\"WebSite\",\"@id\":\"https:\\\/\\\/distylerie.com\\\/de\\\/#website\",\"url\":\"https:\\\/\\\/distylerie.com\\\/de\\\/\",\"name\":\"distylerie\",\"description\":\"Swiss Brand Design Agency based Z\u00fcrich \u2013 Branding Essence - distylerie\",\"publisher\":{\"@id\":\"https:\\\/\\\/distylerie.com\\\/de\\\/#organization\"},\"potentialAction\":[{\"@type\":\"SearchAction\",\"target\":{\"@type\":\"EntryPoint\",\"urlTemplate\":\"https:\\\/\\\/distylerie.com\\\/de\\\/?s={search_term_string}\"},\"query-input\":{\"@type\":\"PropertyValueSpecification\",\"valueRequired\":true,\"valueName\":\"search_term_string\"}}],\"inLanguage\":\"de\"},{\"@type\":\"Organization\",\"@id\":\"https:\\\/\\\/distylerie.com\\\/de\\\/#organization\",\"name\":\"distylerie\",\"url\":\"https:\\\/\\\/distylerie.com\\\/de\\\/\",\"logo\":{\"@type\":\"ImageObject\",\"inLanguage\":\"de\",\"@id\":\"https:\\\/\\\/distylerie.com\\\/de\\\/#\\\/schema\\\/logo\\\/image\\\/\",\"url\":\"https:\\\/\\\/distylerie.com\\\/wp-content\\\/uploads\\\/2024\\\/04\\\/Site-logo-distylerie.png\",\"contentUrl\":\"https:\\\/\\\/distylerie.com\\\/wp-content\\\/uploads\\\/2024\\\/04\\\/Site-logo-distylerie.png\",\"width\":350,\"height\":98,\"caption\":\"distylerie\"},\"image\":{\"@id\":\"https:\\\/\\\/distylerie.com\\\/de\\\/#\\\/schema\\\/logo\\\/image\\\/\"},\"sameAs\":[\"https:\\\/\\\/www.facebook.com\\\/distynews\",\"https:\\\/\\\/www.instagram.com\\\/distylerie\\\/\",\"https:\\\/\\\/www.linkedin.com\\\/company\\\/10133181\\\/admin\\\/dashboard\\\/\",\"https:\\\/\\\/www.linkedin.com\\\/company\\\/distylerie\\\/\",\"https:\\\/\\\/vimeo.com\\\/distylerie\"]}]}<\/script>\n<!-- \/ Yoast SEO plugin. -->","yoast_head_json":{"title":"distylerie | Datenschutzerkl\u00e4rung Branding-Agentur Z\u00fcrich","description":"Erfahren Sie, wie distylerie in Z\u00fcrich personenbezogene Daten sch\u00fctzt. Alle Infos zur Nutzung, Cookies, Analyse-Tools und Ihre Rechte.","robots":{"index":"index","follow":"follow","max-snippet":"max-snippet:-1","max-image-preview":"max-image-preview:large","max-video-preview":"max-video-preview:-1"},"canonical":"https:\/\/distylerie.com\/de\/privacy-policy\/","og_locale":"de_DE","og_type":"article","og_title":"distylerie | Datenschutzerkl\u00e4rung Branding-Agentur Z\u00fcrich","og_description":"Erfahren Sie, wie distylerie in Z\u00fcrich personenbezogene Daten sch\u00fctzt. Alle Infos zur Nutzung, Cookies, Analyse-Tools und Ihre Rechte.","og_url":"https:\/\/distylerie.com\/de\/privacy-policy\/","og_site_name":"distylerie","article_publisher":"https:\/\/www.facebook.com\/distynews","article_modified_time":"2025-09-26T20:31:38+00:00","og_image":[{"width":846,"height":558,"url":"https:\/\/distylerie.com\/wp-content\/uploads\/2025\/09\/Datenschutzerklarung.webp","type":"image\/webp"}],"twitter_card":"summary_large_image","twitter_misc":{"Gesch\u00e4tzte Lesezeit":"4\u00a0Minuten"},"schema":{"@context":"https:\/\/schema.org","@graph":[{"@type":"WebPage","@id":"https:\/\/distylerie.com\/de\/privacy-policy\/","url":"https:\/\/distylerie.com\/de\/privacy-policy\/","name":"distylerie | Datenschutzerkl\u00e4rung Branding-Agentur Z\u00fcrich","isPartOf":{"@id":"https:\/\/distylerie.com\/de\/#website"},"primaryImageOfPage":{"@id":"https:\/\/distylerie.com\/de\/privacy-policy\/#primaryimage"},"image":{"@id":"https:\/\/distylerie.com\/de\/privacy-policy\/#primaryimage"},"thumbnailUrl":"https:\/\/distylerie.com\/wp-content\/uploads\/2025\/09\/Datenschutzerklarung.webp","datePublished":"2024-04-15T13:18:43+00:00","dateModified":"2025-09-26T20:31:38+00:00","description":"Erfahren Sie, wie distylerie in Z\u00fcrich personenbezogene Daten sch\u00fctzt. Alle Infos zur Nutzung, Cookies, Analyse-Tools und Ihre Rechte.","breadcrumb":{"@id":"https:\/\/distylerie.com\/de\/privacy-policy\/#breadcrumb"},"inLanguage":"de","potentialAction":[{"@type":"ReadAction","target":["https:\/\/distylerie.com\/de\/privacy-policy\/"]}]},{"@type":"ImageObject","inLanguage":"de","@id":"https:\/\/distylerie.com\/de\/privacy-policy\/#primaryimage","url":"https:\/\/distylerie.com\/wp-content\/uploads\/2025\/09\/Datenschutzerklarung.webp","contentUrl":"https:\/\/distylerie.com\/wp-content\/uploads\/2025\/09\/Datenschutzerklarung.webp","width":846,"height":558},{"@type":"BreadcrumbList","@id":"https:\/\/distylerie.com\/de\/privacy-policy\/#breadcrumb","itemListElement":[{"@type":"ListItem","position":1,"name":"Home","item":"https:\/\/distylerie.com\/de\/"},{"@type":"ListItem","position":2,"name":"Datenschutzerkl\u00e4rung"}]},{"@type":"WebSite","@id":"https:\/\/distylerie.com\/de\/#website","url":"https:\/\/distylerie.com\/de\/","name":"distylerie","description":"Swiss Brand Design Agency based Z\u00fcrich \u2013 Branding Essence - distylerie","publisher":{"@id":"https:\/\/distylerie.com\/de\/#organization"},"potentialAction":[{"@type":"SearchAction","target":{"@type":"EntryPoint","urlTemplate":"https:\/\/distylerie.com\/de\/?s={search_term_string}"},"query-input":{"@type":"PropertyValueSpecification","valueRequired":true,"valueName":"search_term_string"}}],"inLanguage":"de"},{"@type":"Organization","@id":"https:\/\/distylerie.com\/de\/#organization","name":"distylerie","url":"https:\/\/distylerie.com\/de\/","logo":{"@type":"ImageObject","inLanguage":"de","@id":"https:\/\/distylerie.com\/de\/#\/schema\/logo\/image\/","url":"https:\/\/distylerie.com\/wp-content\/uploads\/2024\/04\/Site-logo-distylerie.png","contentUrl":"https:\/\/distylerie.com\/wp-content\/uploads\/2024\/04\/Site-logo-distylerie.png","width":350,"height":98,"caption":"distylerie"},"image":{"@id":"https:\/\/distylerie.com\/de\/#\/schema\/logo\/image\/"},"sameAs":["https:\/\/www.facebook.com\/distynews","https:\/\/www.instagram.com\/distylerie\/","https:\/\/www.linkedin.com\/company\/10133181\/admin\/dashboard\/","https:\/\/www.linkedin.com\/company\/distylerie\/","https:\/\/vimeo.com\/distylerie"]}]}},"_links":{"self":[{"href":"https:\/\/distylerie.com\/de\/wp-json\/wp\/v2\/pages\/9048","targetHints":{"allow":["GET"]}}],"collection":[{"href":"https:\/\/distylerie.com\/de\/wp-json\/wp\/v2\/pages"}],"about":[{"href":"https:\/\/distylerie.com\/de\/wp-json\/wp\/v2\/types\/page"}],"author":[{"embeddable":true,"href":"https:\/\/distylerie.com\/de\/wp-json\/wp\/v2\/users\/1"}],"replies":[{"embeddable":true,"href":"https:\/\/distylerie.com\/de\/wp-json\/wp\/v2\/comments?post=9048"}],"version-history":[{"count":17,"href":"https:\/\/distylerie.com\/de\/wp-json\/wp\/v2\/pages\/9048\/revisions"}],"predecessor-version":[{"id":9934,"href":"https:\/\/distylerie.com\/de\/wp-json\/wp\/v2\/pages\/9048\/revisions\/9934"}],"wp:featuredmedia":[{"embeddable":true,"href":"https:\/\/distylerie.com\/de\/wp-json\/wp\/v2\/media\/10221"}],"wp:attachment":[{"href":"https:\/\/distylerie.com\/de\/wp-json\/wp\/v2\/media?parent=9048"}],"curies":[{"name":"wp","href":"https:\/\/api.w.org\/{rel}","templated":true}]}}