{"id":8754,"date":"2024-05-08T08:55:35","date_gmt":"2024-05-08T06:55:35","guid":{"rendered":"https:\/\/cxd.jcr.mybluehost.me\/website_6616bef4\/contact\/"},"modified":"2025-09-26T15:55:21","modified_gmt":"2025-09-26T15:55:21","slug":"contact","status":"publish","type":"page","link":"https:\/\/distylerie.com\/de\/contact\/","title":{"rendered":"Contact"},"content":{"rendered":"\t\t<div data-elementor-type=\"wp-page\" data-elementor-id=\"8754\" class=\"elementor elementor-8754 elementor-841\" data-elementor-post-type=\"page\">\n\t\t\t\t<div class=\"elementor-element elementor-element-8db70f9 e-flex e-con-boxed dst-skin-on-scroll-no e-con e-parent\" data-id=\"8db70f9\" data-element_type=\"container\" data-e-type=\"container\" data-settings=\"{&quot;enable_skin_on_scroll&quot;:&quot;no&quot;}\">\n\t\t\t\t\t<div class=\"e-con-inner\">\n\t\t\t\t<div class=\"elementor-element elementor-element-e66667d elementor-invisible elementor-widget elementor-widget-text-editor\" data-id=\"e66667d\" data-element_type=\"widget\" data-e-type=\"widget\" data-settings=\"{&quot;_animation&quot;:&quot;fade-in-up-small&quot;}\" data-widget_type=\"text-editor.default\">\n\t\t\t\t<div class=\"elementor-widget-container\">\n\t\t\t\t\t\t\t\t\t<div><div><span lang=\"DE\" style=\"color: #000000;\">Erz\u00e4hlen Sie uns mehr \u00fcber Ihr Unternehmen und wie wir f\u00fcr Sie Mehrwert schaffen k\u00f6nnen. F\u00fcllen Sie das untenstehende Formular aus und wir setzen Sie mit der richtigen Ansprechperson in Verbindung. Falls Sie E-Mail-Kontakt bevorzugen, wenden Sie sich bitte an \u2013 <\/span><a href=\"mailto:hi@distylerie.com\"><span style=\"color: #d89785;\">hi@distylerie.com<\/span><\/a><\/div><\/div>\t\t\t\t\t\t\t\t<\/div>\n\t\t\t\t<\/div>\n\t\t\t\t<div class=\"elementor-element elementor-element-54caef9 elementor-button-align-end elementor-widget elementor-widget-form\" data-id=\"54caef9\" data-element_type=\"widget\" data-e-type=\"widget\" data-settings=\"{&quot;step_next_label&quot;:&quot;Next&quot;,&quot;step_previous_label&quot;:&quot;Previous&quot;,&quot;button_width&quot;:&quot;100&quot;,&quot;step_type&quot;:&quot;number_text&quot;,&quot;step_icon_shape&quot;:&quot;circle&quot;}\" data-widget_type=\"form.default\">\n\t\t\t\t<div class=\"elementor-widget-container\">\n\t\t\t\t\t\t\t<form class=\"elementor-form\" method=\"post\" name=\"New Form\" aria-label=\"New Form\">\n\t\t\t<input type=\"hidden\" name=\"post_id\" value=\"8754\"\/>\n\t\t\t<input type=\"hidden\" name=\"form_id\" value=\"54caef9\"\/>\n\t\t\t<input type=\"hidden\" name=\"referer_title\" value=\"distylerie\" \/>\n\n\t\t\t\n\t\t\t<div class=\"elementor-form-fields-wrapper elementor-labels-above\">\n\t\t\t\t\t\t\t\t<div class=\"elementor-field-type-text elementor-field-group elementor-column elementor-field-group-name elementor-col-50 elementor-field-required\">\n\t\t\t\t\t\t\t\t\t\t\t\t\t<input size=\"1\" type=\"text\" name=\"form_fields[name]\" id=\"form-field-name\" class=\"elementor-field elementor-size-sm  elementor-field-textual\" placeholder=\"Vorname\" required=\"required\">\n\t\t\t\t\t\t\t\t\t\t\t<\/div>\n\t\t\t\t\t\t\t\t<div class=\"elementor-field-type-text elementor-field-group elementor-column elementor-field-group-field_64d0525 elementor-col-50 elementor-field-required\">\n\t\t\t\t\t\t\t\t\t\t\t\t\t<input size=\"1\" type=\"text\" name=\"form_fields[field_64d0525]\" id=\"form-field-field_64d0525\" class=\"elementor-field elementor-size-sm  elementor-field-textual\" placeholder=\"Nachname\" required=\"required\">\n\t\t\t\t\t\t\t\t\t\t\t<\/div>\n\t\t\t\t\t\t\t\t<div class=\"elementor-field-type-email elementor-field-group elementor-column elementor-field-group-email elementor-col-50 elementor-field-required\">\n\t\t\t\t\t\t\t\t\t\t\t\t\t<input size=\"1\" type=\"email\" name=\"form_fields[email]\" id=\"form-field-email\" class=\"elementor-field elementor-size-sm  elementor-field-textual\" placeholder=\"E-Mail\" required=\"required\">\n\t\t\t\t\t\t\t\t\t\t\t<\/div>\n\t\t\t\t\t\t\t\t<div class=\"elementor-field-type-tel elementor-field-group elementor-column elementor-field-group-field_9da3338 elementor-col-50\">\n\t\t\t\t\t\t\t<input size=\"1\" type=\"tel\" name=\"form_fields[field_9da3338]\" id=\"form-field-field_9da3338\" class=\"elementor-field elementor-size-sm  elementor-field-textual\" placeholder=\"Telefon\" pattern=\"[0-9()#&amp;+*-=.]+\" title=\"Nur Nummern oder Telefon-Zeichen (#, -, *, etc) werden akzeptiert.\">\n\n\t\t\t\t\t\t<\/div>\n\t\t\t\t\t\t\t\t<div class=\"elementor-field-type-html elementor-field-group elementor-column elementor-field-group-field_20c0fcb elementor-col-100\">\n\t\t\t\t\t<br><br>Ben\u00f6tigte Leistungen<br><br>\n\n<span color: #000000;\"><span style=\"font-weight: 400;\"><span style=\"color: #000000;\">Lassen Sie uns mehr \u00fcber Ihr Unternehmen erfahren \u2013 und gemeinsam die passenden L\u00f6sungen entwickeln.<\/span>\t\t\t\t<\/div>\n\t\t\t\t\t\t\t\t<div class=\"elementor-field-type-checkbox elementor-field-group elementor-column elementor-field-group-field_69f9b32 elementor-col-60\">\n\t\t\t\t\t<div class=\"elementor-field-subgroup  elementor-subgroup-inline\"><span class=\"elementor-field-option\"><input type=\"checkbox\" value=\"Markenessenz\" id=\"form-field-field_69f9b32-0\" name=\"form_fields[field_69f9b32][]\"> <label for=\"form-field-field_69f9b32-0\">Markenessenz<\/label><\/span><span class=\"elementor-field-option\"><input type=\"checkbox\" value=\"Digitale Experience\" id=\"form-field-field_69f9b32-1\" name=\"form_fields[field_69f9b32][]\"> <label for=\"form-field-field_69f9b32-1\">Digitale Experience<\/label><\/span><span class=\"elementor-field-option\"><input type=\"checkbox\" value=\"Markenerlebnisraum\" id=\"form-field-field_69f9b32-2\" name=\"form_fields[field_69f9b32][]\"> <label for=\"form-field-field_69f9b32-2\">Markenerlebnisraum<\/label><\/span><span class=\"elementor-field-option\"><input type=\"checkbox\" value=\"Motion und 3D design\" id=\"form-field-field_69f9b32-3\" name=\"form_fields[field_69f9b32][]\"> <label for=\"form-field-field_69f9b32-3\">Motion und 3D design<\/label><\/span><span class=\"elementor-field-option\"><input type=\"checkbox\" value=\"Interaktiver Content\" id=\"form-field-field_69f9b32-4\" name=\"form_fields[field_69f9b32][]\"> <label for=\"form-field-field_69f9b32-4\">Interaktiver Content<\/label><\/span><span class=\"elementor-field-option\"><input type=\"checkbox\" value=\"Noch nicht sicher!\" id=\"form-field-field_69f9b32-5\" name=\"form_fields[field_69f9b32][]\"> <label for=\"form-field-field_69f9b32-5\">Noch nicht sicher!<\/label><\/span><\/div>\t\t\t\t<\/div>\n\t\t\t\t\t\t\t\t<div class=\"elementor-field-type-html elementor-field-group elementor-column elementor-field-group-field_8324141 elementor-col-100\">\n\t\t\t\t\t<br><br>\t\t\t\t<\/div>\n\t\t\t\t\t\t\t\t<div class=\"elementor-field-type-textarea elementor-field-group elementor-column elementor-field-group-message elementor-col-50\">\n\t\t\t\t\t<textarea class=\"elementor-field-textual elementor-field  elementor-size-sm\" name=\"form_fields[message]\" id=\"form-field-message\" rows=\"8\" placeholder=\"Deine Nachricht (optional)\"><\/textarea>\t\t\t\t<\/div>\n\t\t\t\t\t\t\t\t<div class=\"elementor-field-type-upload elementor-field-group elementor-column elementor-field-group-field_260efc8 elementor-col-50\">\n\t\t\t\t\t\t\t\t\t\t\t\t<label for=\"form-field-field_260efc8\" class=\"elementor-field-label\">\n\t\t\t\t\t\t\t\tDokumente (max. 20 MB)\t\t\t\t\t\t\t<\/label>\n\t\t\t\t\t\t\t\t<input type=\"file\" name=\"form_fields[field_260efc8]\" id=\"form-field-field_260efc8\" class=\"elementor-field elementor-size-sm  elementor-upload-field\" data-maxsize=\"20\" data-maxsize-message=\"Diese Datei \u00fcbersteigt die maximale Dateigr\u00f6\u00dfe.\">\n\n\t\t\t\t\t\t<\/div>\n\t\t\t\t\t\t\t\t<div class=\"elementor-field-group elementor-column elementor-field-type-submit elementor-col-100 e-form__buttons\">\n\t\t\t\t\t<button class=\"elementor-button elementor-size-sm\" type=\"submit\">\n\t\t\t\t\t\t<span class=\"elementor-button-content-wrapper\">\n\t\t\t\t\t\t\t\t\t\t\t\t\t\t\t\t\t\t\t\t\t\t<span class=\"elementor-button-text\">Absenden<\/span>\n\t\t\t\t\t\t\t\t\t\t\t\t\t<\/span>\n\t\t\t\t\t<\/button>\n\t\t\t\t<\/div>\n\t\t\t<\/div>\n\t\t<\/form>\n\t\t\t\t\t\t<\/div>\n\t\t\t\t<\/div>\n\t\t\t\t<div class=\"elementor-element elementor-element-4ef230a elementor-widget elementor-widget-spacer\" data-id=\"4ef230a\" data-element_type=\"widget\" data-e-type=\"widget\" data-widget_type=\"spacer.default\">\n\t\t\t\t<div class=\"elementor-widget-container\">\n\t\t\t\t\t\t\t<div class=\"elementor-spacer\">\n\t\t\t<div class=\"elementor-spacer-inner\"><\/div>\n\t\t<\/div>\n\t\t\t\t\t\t<\/div>\n\t\t\t\t<\/div>\n\t\t\t\t\t<\/div>\n\t\t\t\t<\/div>\n\t\t\t\t<\/div>\n\t\t","protected":false},"excerpt":{"rendered":"<p>Erz\u00e4hlen Sie uns mehr \u00fcber Ihr Unternehmen und wie wir f\u00fcr Sie Mehrwert schaffen k\u00f6nnen. F\u00fcllen Sie das untenstehende Formular aus und wir setzen Sie mit der richtigen Ansprechperson in&#8230;<\/p>\n","protected":false},"author":2,"featured_media":10186,"parent":0,"menu_order":0,"comment_status":"closed","ping_status":"closed","template":"","meta":{"nf_dc_page":"","footnotes":""},"class_list":["post-8754","page","type-page","status-publish","has-post-thumbnail","hentry"],"yoast_head":"<!-- This site is optimized with the Yoast SEO plugin v27.4 - https:\/\/yoast.com\/product\/yoast-seo-wordpress\/ -->\n<title>distylerie Z\u00fcrich | Kontakt Brand Design Agentur Schweiz<\/title>\n<meta name=\"description\" content=\"Kontaktieren Sie distylerie in Z\u00fcrich. Erz\u00e4hlen Sie uns von Ihrem Projekt und entdecken Sie, wie unsere Branding-Agentur Mehrwert schafft.\" \/>\n<meta name=\"robots\" content=\"index, follow, max-snippet:-1, max-image-preview:large, max-video-preview:-1\" \/>\n<link rel=\"canonical\" href=\"https:\/\/distylerie.com\/de\/contact\/\" \/>\n<meta property=\"og:locale\" content=\"de_DE\" \/>\n<meta property=\"og:type\" content=\"article\" \/>\n<meta property=\"og:title\" content=\"distylerie Z\u00fcrich | Kontakt Brand Design Agentur Schweiz\" \/>\n<meta property=\"og:description\" content=\"Kontaktieren Sie distylerie in Z\u00fcrich. Erz\u00e4hlen Sie uns von Ihrem Projekt und entdecken Sie, wie unsere Branding-Agentur Mehrwert schafft.\" \/>\n<meta property=\"og:url\" content=\"https:\/\/distylerie.com\/de\/contact\/\" \/>\n<meta property=\"og:site_name\" content=\"distylerie\" \/>\n<meta property=\"article:publisher\" content=\"https:\/\/www.facebook.com\/distynews\" \/>\n<meta property=\"article:modified_time\" content=\"2025-09-26T15:55:21+00:00\" \/>\n<meta property=\"og:image\" content=\"https:\/\/distylerie.com\/wp-content\/uploads\/2025\/09\/Contact-distylerie-image.webp\" \/>\n\t<meta property=\"og:image:width\" content=\"2000\" \/>\n\t<meta property=\"og:image:height\" content=\"818\" \/>\n\t<meta property=\"og:image:type\" content=\"image\/webp\" \/>\n<meta name=\"twitter:card\" content=\"summary_large_image\" \/>\n<meta name=\"twitter:label1\" content=\"Gesch\u00e4tzte Lesezeit\" \/>\n\t<meta name=\"twitter:data1\" content=\"1\u00a0Minute\" \/>\n<script type=\"application\/ld+json\" class=\"yoast-schema-graph\">{\"@context\":\"https:\\\/\\\/schema.org\",\"@graph\":[{\"@type\":\"WebPage\",\"@id\":\"https:\\\/\\\/distylerie.com\\\/de\\\/contact\\\/\",\"url\":\"https:\\\/\\\/distylerie.com\\\/de\\\/contact\\\/\",\"name\":\"distylerie Z\u00fcrich | Kontakt Brand Design Agentur Schweiz\",\"isPartOf\":{\"@id\":\"https:\\\/\\\/distylerie.com\\\/de\\\/#website\"},\"primaryImageOfPage\":{\"@id\":\"https:\\\/\\\/distylerie.com\\\/de\\\/contact\\\/#primaryimage\"},\"image\":{\"@id\":\"https:\\\/\\\/distylerie.com\\\/de\\\/contact\\\/#primaryimage\"},\"thumbnailUrl\":\"https:\\\/\\\/distylerie.com\\\/wp-content\\\/uploads\\\/2025\\\/09\\\/Contact-distylerie-image.webp\",\"datePublished\":\"2024-05-08T06:55:35+00:00\",\"dateModified\":\"2025-09-26T15:55:21+00:00\",\"description\":\"Kontaktieren Sie distylerie in Z\u00fcrich. Erz\u00e4hlen Sie uns von Ihrem Projekt und entdecken Sie, wie unsere Branding-Agentur Mehrwert schafft.\",\"breadcrumb\":{\"@id\":\"https:\\\/\\\/distylerie.com\\\/de\\\/contact\\\/#breadcrumb\"},\"inLanguage\":\"de\",\"potentialAction\":[{\"@type\":\"ReadAction\",\"target\":[\"https:\\\/\\\/distylerie.com\\\/de\\\/contact\\\/\"]}]},{\"@type\":\"ImageObject\",\"inLanguage\":\"de\",\"@id\":\"https:\\\/\\\/distylerie.com\\\/de\\\/contact\\\/#primaryimage\",\"url\":\"https:\\\/\\\/distylerie.com\\\/wp-content\\\/uploads\\\/2025\\\/09\\\/Contact-distylerie-image.webp\",\"contentUrl\":\"https:\\\/\\\/distylerie.com\\\/wp-content\\\/uploads\\\/2025\\\/09\\\/Contact-distylerie-image.webp\",\"width\":2000,\"height\":818,\"caption\":\"Get in touch with distylerie \u2013 branding agency in Zurich.\"},{\"@type\":\"BreadcrumbList\",\"@id\":\"https:\\\/\\\/distylerie.com\\\/de\\\/contact\\\/#breadcrumb\",\"itemListElement\":[{\"@type\":\"ListItem\",\"position\":1,\"name\":\"Home\",\"item\":\"https:\\\/\\\/distylerie.com\\\/de\\\/\"},{\"@type\":\"ListItem\",\"position\":2,\"name\":\"Contact\"}]},{\"@type\":\"WebSite\",\"@id\":\"https:\\\/\\\/distylerie.com\\\/de\\\/#website\",\"url\":\"https:\\\/\\\/distylerie.com\\\/de\\\/\",\"name\":\"distylerie\",\"description\":\"Swiss Brand Design Agency based Z\u00fcrich \u2013 Branding Essence - distylerie\",\"publisher\":{\"@id\":\"https:\\\/\\\/distylerie.com\\\/de\\\/#organization\"},\"potentialAction\":[{\"@type\":\"SearchAction\",\"target\":{\"@type\":\"EntryPoint\",\"urlTemplate\":\"https:\\\/\\\/distylerie.com\\\/de\\\/?s={search_term_string}\"},\"query-input\":{\"@type\":\"PropertyValueSpecification\",\"valueRequired\":true,\"valueName\":\"search_term_string\"}}],\"inLanguage\":\"de\"},{\"@type\":\"Organization\",\"@id\":\"https:\\\/\\\/distylerie.com\\\/de\\\/#organization\",\"name\":\"distylerie\",\"url\":\"https:\\\/\\\/distylerie.com\\\/de\\\/\",\"logo\":{\"@type\":\"ImageObject\",\"inLanguage\":\"de\",\"@id\":\"https:\\\/\\\/distylerie.com\\\/de\\\/#\\\/schema\\\/logo\\\/image\\\/\",\"url\":\"https:\\\/\\\/distylerie.com\\\/wp-content\\\/uploads\\\/2024\\\/04\\\/Site-logo-distylerie.png\",\"contentUrl\":\"https:\\\/\\\/distylerie.com\\\/wp-content\\\/uploads\\\/2024\\\/04\\\/Site-logo-distylerie.png\",\"width\":350,\"height\":98,\"caption\":\"distylerie\"},\"image\":{\"@id\":\"https:\\\/\\\/distylerie.com\\\/de\\\/#\\\/schema\\\/logo\\\/image\\\/\"},\"sameAs\":[\"https:\\\/\\\/www.facebook.com\\\/distynews\",\"https:\\\/\\\/www.instagram.com\\\/distylerie\\\/\",\"https:\\\/\\\/www.linkedin.com\\\/company\\\/10133181\\\/admin\\\/dashboard\\\/\",\"https:\\\/\\\/www.linkedin.com\\\/company\\\/distylerie\\\/\",\"https:\\\/\\\/vimeo.com\\\/distylerie\"]}]}<\/script>\n<!-- \/ Yoast SEO plugin. -->","yoast_head_json":{"title":"distylerie Z\u00fcrich | Kontakt Brand Design Agentur Schweiz","description":"Kontaktieren Sie distylerie in Z\u00fcrich. Erz\u00e4hlen Sie uns von Ihrem Projekt und entdecken Sie, wie unsere Branding-Agentur Mehrwert schafft.","robots":{"index":"index","follow":"follow","max-snippet":"max-snippet:-1","max-image-preview":"max-image-preview:large","max-video-preview":"max-video-preview:-1"},"canonical":"https:\/\/distylerie.com\/de\/contact\/","og_locale":"de_DE","og_type":"article","og_title":"distylerie Z\u00fcrich | Kontakt Brand Design Agentur Schweiz","og_description":"Kontaktieren Sie distylerie in Z\u00fcrich. Erz\u00e4hlen Sie uns von Ihrem Projekt und entdecken Sie, wie unsere Branding-Agentur Mehrwert schafft.","og_url":"https:\/\/distylerie.com\/de\/contact\/","og_site_name":"distylerie","article_publisher":"https:\/\/www.facebook.com\/distynews","article_modified_time":"2025-09-26T15:55:21+00:00","og_image":[{"width":2000,"height":818,"url":"https:\/\/distylerie.com\/wp-content\/uploads\/2025\/09\/Contact-distylerie-image.webp","type":"image\/webp"}],"twitter_card":"summary_large_image","twitter_misc":{"Gesch\u00e4tzte Lesezeit":"1\u00a0Minute"},"schema":{"@context":"https:\/\/schema.org","@graph":[{"@type":"WebPage","@id":"https:\/\/distylerie.com\/de\/contact\/","url":"https:\/\/distylerie.com\/de\/contact\/","name":"distylerie Z\u00fcrich | Kontakt Brand Design Agentur Schweiz","isPartOf":{"@id":"https:\/\/distylerie.com\/de\/#website"},"primaryImageOfPage":{"@id":"https:\/\/distylerie.com\/de\/contact\/#primaryimage"},"image":{"@id":"https:\/\/distylerie.com\/de\/contact\/#primaryimage"},"thumbnailUrl":"https:\/\/distylerie.com\/wp-content\/uploads\/2025\/09\/Contact-distylerie-image.webp","datePublished":"2024-05-08T06:55:35+00:00","dateModified":"2025-09-26T15:55:21+00:00","description":"Kontaktieren Sie distylerie in Z\u00fcrich. Erz\u00e4hlen Sie uns von Ihrem Projekt und entdecken Sie, wie unsere Branding-Agentur Mehrwert schafft.","breadcrumb":{"@id":"https:\/\/distylerie.com\/de\/contact\/#breadcrumb"},"inLanguage":"de","potentialAction":[{"@type":"ReadAction","target":["https:\/\/distylerie.com\/de\/contact\/"]}]},{"@type":"ImageObject","inLanguage":"de","@id":"https:\/\/distylerie.com\/de\/contact\/#primaryimage","url":"https:\/\/distylerie.com\/wp-content\/uploads\/2025\/09\/Contact-distylerie-image.webp","contentUrl":"https:\/\/distylerie.com\/wp-content\/uploads\/2025\/09\/Contact-distylerie-image.webp","width":2000,"height":818,"caption":"Get in touch with distylerie \u2013 branding agency in Zurich."},{"@type":"BreadcrumbList","@id":"https:\/\/distylerie.com\/de\/contact\/#breadcrumb","itemListElement":[{"@type":"ListItem","position":1,"name":"Home","item":"https:\/\/distylerie.com\/de\/"},{"@type":"ListItem","position":2,"name":"Contact"}]},{"@type":"WebSite","@id":"https:\/\/distylerie.com\/de\/#website","url":"https:\/\/distylerie.com\/de\/","name":"distylerie","description":"Swiss Brand Design Agency based Z\u00fcrich \u2013 Branding Essence - distylerie","publisher":{"@id":"https:\/\/distylerie.com\/de\/#organization"},"potentialAction":[{"@type":"SearchAction","target":{"@type":"EntryPoint","urlTemplate":"https:\/\/distylerie.com\/de\/?s={search_term_string}"},"query-input":{"@type":"PropertyValueSpecification","valueRequired":true,"valueName":"search_term_string"}}],"inLanguage":"de"},{"@type":"Organization","@id":"https:\/\/distylerie.com\/de\/#organization","name":"distylerie","url":"https:\/\/distylerie.com\/de\/","logo":{"@type":"ImageObject","inLanguage":"de","@id":"https:\/\/distylerie.com\/de\/#\/schema\/logo\/image\/","url":"https:\/\/distylerie.com\/wp-content\/uploads\/2024\/04\/Site-logo-distylerie.png","contentUrl":"https:\/\/distylerie.com\/wp-content\/uploads\/2024\/04\/Site-logo-distylerie.png","width":350,"height":98,"caption":"distylerie"},"image":{"@id":"https:\/\/distylerie.com\/de\/#\/schema\/logo\/image\/"},"sameAs":["https:\/\/www.facebook.com\/distynews","https:\/\/www.instagram.com\/distylerie\/","https:\/\/www.linkedin.com\/company\/10133181\/admin\/dashboard\/","https:\/\/www.linkedin.com\/company\/distylerie\/","https:\/\/vimeo.com\/distylerie"]}]}},"_links":{"self":[{"href":"https:\/\/distylerie.com\/de\/wp-json\/wp\/v2\/pages\/8754","targetHints":{"allow":["GET"]}}],"collection":[{"href":"https:\/\/distylerie.com\/de\/wp-json\/wp\/v2\/pages"}],"about":[{"href":"https:\/\/distylerie.com\/de\/wp-json\/wp\/v2\/types\/page"}],"author":[{"embeddable":true,"href":"https:\/\/distylerie.com\/de\/wp-json\/wp\/v2\/users\/2"}],"replies":[{"embeddable":true,"href":"https:\/\/distylerie.com\/de\/wp-json\/wp\/v2\/comments?post=8754"}],"version-history":[{"count":17,"href":"https:\/\/distylerie.com\/de\/wp-json\/wp\/v2\/pages\/8754\/revisions"}],"predecessor-version":[{"id":10189,"href":"https:\/\/distylerie.com\/de\/wp-json\/wp\/v2\/pages\/8754\/revisions\/10189"}],"wp:featuredmedia":[{"embeddable":true,"href":"https:\/\/distylerie.com\/de\/wp-json\/wp\/v2\/media\/10186"}],"wp:attachment":[{"href":"https:\/\/distylerie.com\/de\/wp-json\/wp\/v2\/media?parent=8754"}],"curies":[{"name":"wp","href":"https:\/\/api.w.org\/{rel}","templated":true}]}}