{"id":8746,"date":"2024-05-10T06:49:02","date_gmt":"2024-05-10T04:49:02","guid":{"rendered":"https:\/\/cxd.jcr.mybluehost.me\/website_6616bef4\/job-offer\/"},"modified":"2026-03-02T23:44:57","modified_gmt":"2026-03-02T21:44:57","slug":"job-offer","status":"publish","type":"page","link":"https:\/\/distylerie.com\/de\/job-offer\/","title":{"rendered":"Jobangebot"},"content":{"rendered":"\t\t<div data-elementor-type=\"wp-page\" data-elementor-id=\"8746\" class=\"elementor elementor-8746 elementor-1067\" data-elementor-post-type=\"page\">\n\t\t\t\t<div class=\"elementor-element elementor-element-19afb85 e-flex e-con-boxed dst-skin-on-scroll-no e-con e-parent\" data-id=\"19afb85\" data-element_type=\"container\" data-e-type=\"container\" data-settings=\"{&quot;background_background&quot;:&quot;classic&quot;,&quot;enable_skin_on_scroll&quot;:&quot;no&quot;}\">\n\t\t\t\t\t<div class=\"e-con-inner\">\n\t\t\t\t<div class=\"elementor-element elementor-element-a9199e5 elementor-widget elementor-widget-dstel-line-title\" data-id=\"a9199e5\" data-element_type=\"widget\" data-e-type=\"widget\" data-widget_type=\"dstel-line-title.default\">\n\t\t\t\t<div class=\"elementor-widget-container\">\n\t\t\t\t\t\t\t<div class=\"dstel-element dstel-line-title\">\r\n\t\t\t<div class=\"dstel-inner\">\r\n\t\t\t\t<div class=\"dstel-line\"><\/div>\r\n\t\t\t\t<h1 class=\"dstel-disable-skin-on-scroll dstel-title elementor-heading-title\">Jobangebot<\/h1>\t\t\t<\/div>\r\n\t\t<\/div>\r\n\t\t\t\t\t\t<\/div>\n\t\t\t\t<\/div>\n\t\t\t\t<div class=\"elementor-element elementor-element-b295f37 elementor-widget__width-initial elementor-invisible elementor-widget elementor-widget-heading\" data-id=\"b295f37\" data-element_type=\"widget\" data-e-type=\"widget\" data-settings=\"{&quot;_animation&quot;:&quot;fade-in-up-small&quot;}\" data-widget_type=\"heading.default\">\n\t\t\t\t<div class=\"elementor-widget-container\">\n\t\t\t\t\t<h2 class=\"dstel-disable-skin-on-scroll elementor-heading-title elementor-size-default\">Genau auf dich haben wir gewartet!<\/h2>\t\t\t\t<\/div>\n\t\t\t\t<\/div>\n\t\t<div class=\"elementor-element elementor-element-7680e60 e-flex e-con-boxed dst-skin-on-scroll-no e-con e-child\" data-id=\"7680e60\" data-element_type=\"container\" data-e-type=\"container\" data-settings=\"{&quot;enable_skin_on_scroll&quot;:&quot;no&quot;}\">\n\t\t\t\t\t<div class=\"e-con-inner\">\n\t\t\t\t<div class=\"elementor-element elementor-element-71a541c elementor-widget elementor-widget-heading\" data-id=\"71a541c\" data-element_type=\"widget\" data-e-type=\"widget\" data-widget_type=\"heading.default\">\n\t\t\t\t<div class=\"elementor-widget-container\">\n\t\t\t\t\t<div class=\"dstel-disable-skin-on-scroll elementor-heading-title elementor-size-default\">Gerade haben wir keine offenen Stellen.<br>\nAber wenn du glaubst, dass wir uns kennenlernen sollten, schreib uns.<\/div>\t\t\t\t<\/div>\n\t\t\t\t<\/div>\n\t\t\t\t<div class=\"elementor-element elementor-element-d1553e3 elementor-widget elementor-widget-spacer\" data-id=\"d1553e3\" data-element_type=\"widget\" data-e-type=\"widget\" data-widget_type=\"spacer.default\">\n\t\t\t\t<div class=\"elementor-widget-container\">\n\t\t\t\t\t\t\t<div class=\"elementor-spacer\">\n\t\t\t<div class=\"elementor-spacer-inner\"><\/div>\n\t\t<\/div>\n\t\t\t\t\t\t<\/div>\n\t\t\t\t<\/div>\n\t\t\t\t\t<\/div>\n\t\t\t\t<\/div>\n\t\t\t\t\t<\/div>\n\t\t\t\t<\/div>\n\t\t\t\t<\/div>\n\t\t","protected":false},"excerpt":{"rendered":"<p>Jobangebot Genau auf dich haben wir gewartet! Gerade haben wir keine offenen Stellen. Aber wenn du glaubst, dass wir uns kennenlernen sollten, schreib uns.<\/p>\n","protected":false},"author":2,"featured_media":10178,"parent":0,"menu_order":0,"comment_status":"closed","ping_status":"closed","template":"","meta":{"nf_dc_page":"","footnotes":""},"class_list":["post-8746","page","type-page","status-publish","has-post-thumbnail","hentry"],"yoast_head":"<!-- This site is optimized with the Yoast SEO plugin v27.4 - https:\/\/yoast.com\/product\/yoast-seo-wordpress\/ -->\n<title>distylerie Jobs | Offene Stellen Branding &amp; Design Z\u00fcrich<\/title>\n<meta name=\"description\" content=\"Entdecke offene Stellen bei distylerie in Z\u00fcrich. Werde Teil unserer kreativen Branding-Agentur und gestalte Marken, Identit\u00e4ten &amp; Experiences.\" \/>\n<meta name=\"robots\" content=\"index, follow, max-snippet:-1, max-image-preview:large, max-video-preview:-1\" \/>\n<link rel=\"canonical\" href=\"https:\/\/distylerie.com\/de\/job-offer\/\" \/>\n<meta property=\"og:locale\" content=\"de_DE\" \/>\n<meta property=\"og:type\" content=\"article\" \/>\n<meta property=\"og:title\" content=\"distylerie Jobs | Offene Stellen Branding &amp; Design Z\u00fcrich\" \/>\n<meta property=\"og:description\" content=\"Entdecke offene Stellen bei distylerie in Z\u00fcrich. Werde Teil unserer kreativen Branding-Agentur und gestalte Marken, Identit\u00e4ten &amp; Experiences.\" \/>\n<meta property=\"og:url\" content=\"https:\/\/distylerie.com\/de\/job-offer\/\" \/>\n<meta property=\"og:site_name\" content=\"distylerie\" \/>\n<meta property=\"article:publisher\" content=\"https:\/\/www.facebook.com\/distynews\" \/>\n<meta property=\"article:modified_time\" content=\"2026-03-02T21:44:57+00:00\" \/>\n<meta property=\"og:image\" content=\"https:\/\/distylerie.com\/wp-content\/uploads\/2025\/09\/Job-image-distylerie.webp\" \/>\n\t<meta property=\"og:image:width\" content=\"2000\" \/>\n\t<meta property=\"og:image:height\" content=\"1122\" \/>\n\t<meta property=\"og:image:type\" content=\"image\/webp\" \/>\n<meta name=\"twitter:card\" content=\"summary_large_image\" \/>\n<meta name=\"twitter:label1\" content=\"Gesch\u00e4tzte Lesezeit\" \/>\n\t<meta name=\"twitter:data1\" content=\"1\u00a0Minute\" \/>\n<script type=\"application\/ld+json\" class=\"yoast-schema-graph\">{\"@context\":\"https:\\\/\\\/schema.org\",\"@graph\":[{\"@type\":\"WebPage\",\"@id\":\"https:\\\/\\\/distylerie.com\\\/de\\\/job-offer\\\/\",\"url\":\"https:\\\/\\\/distylerie.com\\\/de\\\/job-offer\\\/\",\"name\":\"distylerie Jobs | Offene Stellen Branding & Design Z\u00fcrich\",\"isPartOf\":{\"@id\":\"https:\\\/\\\/distylerie.com\\\/de\\\/#website\"},\"primaryImageOfPage\":{\"@id\":\"https:\\\/\\\/distylerie.com\\\/de\\\/job-offer\\\/#primaryimage\"},\"image\":{\"@id\":\"https:\\\/\\\/distylerie.com\\\/de\\\/job-offer\\\/#primaryimage\"},\"thumbnailUrl\":\"https:\\\/\\\/distylerie.com\\\/wp-content\\\/uploads\\\/2025\\\/09\\\/Job-image-distylerie.webp\",\"datePublished\":\"2024-05-10T04:49:02+00:00\",\"dateModified\":\"2026-03-02T21:44:57+00:00\",\"description\":\"Entdecke offene Stellen bei distylerie in Z\u00fcrich. Werde Teil unserer kreativen Branding-Agentur und gestalte Marken, Identit\u00e4ten & Experiences.\",\"breadcrumb\":{\"@id\":\"https:\\\/\\\/distylerie.com\\\/de\\\/job-offer\\\/#breadcrumb\"},\"inLanguage\":\"de\",\"potentialAction\":[{\"@type\":\"ReadAction\",\"target\":[\"https:\\\/\\\/distylerie.com\\\/de\\\/job-offer\\\/\"]}]},{\"@type\":\"ImageObject\",\"inLanguage\":\"de\",\"@id\":\"https:\\\/\\\/distylerie.com\\\/de\\\/job-offer\\\/#primaryimage\",\"url\":\"https:\\\/\\\/distylerie.com\\\/wp-content\\\/uploads\\\/2025\\\/09\\\/Job-image-distylerie.webp\",\"contentUrl\":\"https:\\\/\\\/distylerie.com\\\/wp-content\\\/uploads\\\/2025\\\/09\\\/Job-image-distylerie.webp\",\"width\":2000,\"height\":1122,\"caption\":\"Discover creative job opportunities at distylerie in Zurich.\"},{\"@type\":\"BreadcrumbList\",\"@id\":\"https:\\\/\\\/distylerie.com\\\/de\\\/job-offer\\\/#breadcrumb\",\"itemListElement\":[{\"@type\":\"ListItem\",\"position\":1,\"name\":\"Home\",\"item\":\"https:\\\/\\\/distylerie.com\\\/de\\\/\"},{\"@type\":\"ListItem\",\"position\":2,\"name\":\"Jobangebot\"}]},{\"@type\":\"WebSite\",\"@id\":\"https:\\\/\\\/distylerie.com\\\/de\\\/#website\",\"url\":\"https:\\\/\\\/distylerie.com\\\/de\\\/\",\"name\":\"distylerie\",\"description\":\"Swiss Brand Design Agency based Z\u00fcrich \u2013 Branding Essence - distylerie\",\"publisher\":{\"@id\":\"https:\\\/\\\/distylerie.com\\\/de\\\/#organization\"},\"potentialAction\":[{\"@type\":\"SearchAction\",\"target\":{\"@type\":\"EntryPoint\",\"urlTemplate\":\"https:\\\/\\\/distylerie.com\\\/de\\\/?s={search_term_string}\"},\"query-input\":{\"@type\":\"PropertyValueSpecification\",\"valueRequired\":true,\"valueName\":\"search_term_string\"}}],\"inLanguage\":\"de\"},{\"@type\":\"Organization\",\"@id\":\"https:\\\/\\\/distylerie.com\\\/de\\\/#organization\",\"name\":\"distylerie\",\"url\":\"https:\\\/\\\/distylerie.com\\\/de\\\/\",\"logo\":{\"@type\":\"ImageObject\",\"inLanguage\":\"de\",\"@id\":\"https:\\\/\\\/distylerie.com\\\/de\\\/#\\\/schema\\\/logo\\\/image\\\/\",\"url\":\"https:\\\/\\\/distylerie.com\\\/wp-content\\\/uploads\\\/2024\\\/04\\\/Site-logo-distylerie.png\",\"contentUrl\":\"https:\\\/\\\/distylerie.com\\\/wp-content\\\/uploads\\\/2024\\\/04\\\/Site-logo-distylerie.png\",\"width\":350,\"height\":98,\"caption\":\"distylerie\"},\"image\":{\"@id\":\"https:\\\/\\\/distylerie.com\\\/de\\\/#\\\/schema\\\/logo\\\/image\\\/\"},\"sameAs\":[\"https:\\\/\\\/www.facebook.com\\\/distynews\",\"https:\\\/\\\/www.instagram.com\\\/distylerie\\\/\",\"https:\\\/\\\/www.linkedin.com\\\/company\\\/10133181\\\/admin\\\/dashboard\\\/\",\"https:\\\/\\\/www.linkedin.com\\\/company\\\/distylerie\\\/\",\"https:\\\/\\\/vimeo.com\\\/distylerie\"]}]}<\/script>\n<!-- \/ Yoast SEO plugin. -->","yoast_head_json":{"title":"distylerie Jobs | Offene Stellen Branding & Design Z\u00fcrich","description":"Entdecke offene Stellen bei distylerie in Z\u00fcrich. Werde Teil unserer kreativen Branding-Agentur und gestalte Marken, Identit\u00e4ten & Experiences.","robots":{"index":"index","follow":"follow","max-snippet":"max-snippet:-1","max-image-preview":"max-image-preview:large","max-video-preview":"max-video-preview:-1"},"canonical":"https:\/\/distylerie.com\/de\/job-offer\/","og_locale":"de_DE","og_type":"article","og_title":"distylerie Jobs | Offene Stellen Branding & Design Z\u00fcrich","og_description":"Entdecke offene Stellen bei distylerie in Z\u00fcrich. Werde Teil unserer kreativen Branding-Agentur und gestalte Marken, Identit\u00e4ten & Experiences.","og_url":"https:\/\/distylerie.com\/de\/job-offer\/","og_site_name":"distylerie","article_publisher":"https:\/\/www.facebook.com\/distynews","article_modified_time":"2026-03-02T21:44:57+00:00","og_image":[{"width":2000,"height":1122,"url":"https:\/\/distylerie.com\/wp-content\/uploads\/2025\/09\/Job-image-distylerie.webp","type":"image\/webp"}],"twitter_card":"summary_large_image","twitter_misc":{"Gesch\u00e4tzte Lesezeit":"1\u00a0Minute"},"schema":{"@context":"https:\/\/schema.org","@graph":[{"@type":"WebPage","@id":"https:\/\/distylerie.com\/de\/job-offer\/","url":"https:\/\/distylerie.com\/de\/job-offer\/","name":"distylerie Jobs | Offene Stellen Branding & Design Z\u00fcrich","isPartOf":{"@id":"https:\/\/distylerie.com\/de\/#website"},"primaryImageOfPage":{"@id":"https:\/\/distylerie.com\/de\/job-offer\/#primaryimage"},"image":{"@id":"https:\/\/distylerie.com\/de\/job-offer\/#primaryimage"},"thumbnailUrl":"https:\/\/distylerie.com\/wp-content\/uploads\/2025\/09\/Job-image-distylerie.webp","datePublished":"2024-05-10T04:49:02+00:00","dateModified":"2026-03-02T21:44:57+00:00","description":"Entdecke offene Stellen bei distylerie in Z\u00fcrich. Werde Teil unserer kreativen Branding-Agentur und gestalte Marken, Identit\u00e4ten & Experiences.","breadcrumb":{"@id":"https:\/\/distylerie.com\/de\/job-offer\/#breadcrumb"},"inLanguage":"de","potentialAction":[{"@type":"ReadAction","target":["https:\/\/distylerie.com\/de\/job-offer\/"]}]},{"@type":"ImageObject","inLanguage":"de","@id":"https:\/\/distylerie.com\/de\/job-offer\/#primaryimage","url":"https:\/\/distylerie.com\/wp-content\/uploads\/2025\/09\/Job-image-distylerie.webp","contentUrl":"https:\/\/distylerie.com\/wp-content\/uploads\/2025\/09\/Job-image-distylerie.webp","width":2000,"height":1122,"caption":"Discover creative job opportunities at distylerie in Zurich."},{"@type":"BreadcrumbList","@id":"https:\/\/distylerie.com\/de\/job-offer\/#breadcrumb","itemListElement":[{"@type":"ListItem","position":1,"name":"Home","item":"https:\/\/distylerie.com\/de\/"},{"@type":"ListItem","position":2,"name":"Jobangebot"}]},{"@type":"WebSite","@id":"https:\/\/distylerie.com\/de\/#website","url":"https:\/\/distylerie.com\/de\/","name":"distylerie","description":"Swiss Brand Design Agency based Z\u00fcrich \u2013 Branding Essence - distylerie","publisher":{"@id":"https:\/\/distylerie.com\/de\/#organization"},"potentialAction":[{"@type":"SearchAction","target":{"@type":"EntryPoint","urlTemplate":"https:\/\/distylerie.com\/de\/?s={search_term_string}"},"query-input":{"@type":"PropertyValueSpecification","valueRequired":true,"valueName":"search_term_string"}}],"inLanguage":"de"},{"@type":"Organization","@id":"https:\/\/distylerie.com\/de\/#organization","name":"distylerie","url":"https:\/\/distylerie.com\/de\/","logo":{"@type":"ImageObject","inLanguage":"de","@id":"https:\/\/distylerie.com\/de\/#\/schema\/logo\/image\/","url":"https:\/\/distylerie.com\/wp-content\/uploads\/2024\/04\/Site-logo-distylerie.png","contentUrl":"https:\/\/distylerie.com\/wp-content\/uploads\/2024\/04\/Site-logo-distylerie.png","width":350,"height":98,"caption":"distylerie"},"image":{"@id":"https:\/\/distylerie.com\/de\/#\/schema\/logo\/image\/"},"sameAs":["https:\/\/www.facebook.com\/distynews","https:\/\/www.instagram.com\/distylerie\/","https:\/\/www.linkedin.com\/company\/10133181\/admin\/dashboard\/","https:\/\/www.linkedin.com\/company\/distylerie\/","https:\/\/vimeo.com\/distylerie"]}]}},"_links":{"self":[{"href":"https:\/\/distylerie.com\/de\/wp-json\/wp\/v2\/pages\/8746","targetHints":{"allow":["GET"]}}],"collection":[{"href":"https:\/\/distylerie.com\/de\/wp-json\/wp\/v2\/pages"}],"about":[{"href":"https:\/\/distylerie.com\/de\/wp-json\/wp\/v2\/types\/page"}],"author":[{"embeddable":true,"href":"https:\/\/distylerie.com\/de\/wp-json\/wp\/v2\/users\/2"}],"replies":[{"embeddable":true,"href":"https:\/\/distylerie.com\/de\/wp-json\/wp\/v2\/comments?post=8746"}],"version-history":[{"count":51,"href":"https:\/\/distylerie.com\/de\/wp-json\/wp\/v2\/pages\/8746\/revisions"}],"predecessor-version":[{"id":11159,"href":"https:\/\/distylerie.com\/de\/wp-json\/wp\/v2\/pages\/8746\/revisions\/11159"}],"wp:featuredmedia":[{"embeddable":true,"href":"https:\/\/distylerie.com\/de\/wp-json\/wp\/v2\/media\/10178"}],"wp:attachment":[{"href":"https:\/\/distylerie.com\/de\/wp-json\/wp\/v2\/media?parent=8746"}],"curies":[{"name":"wp","href":"https:\/\/api.w.org\/{rel}","templated":true}]}}